{"id":42,"date":"2023-07-03T06:45:18","date_gmt":"2023-07-03T06:45:18","guid":{"rendered":"https:\/\/arquivosdalituania.eu\/?page_id=42"},"modified":"2023-10-21T11:40:44","modified_gmt":"2023-10-21T11:40:44","slug":"about-us","status":"publish","type":"page","link":"https:\/\/arquivosdalituania.eu\/lt\/about-us\/","title":{"rendered":"Apie mus"},"content":{"rendered":"<div data-elementor-type=\"wp-page\" data-elementor-id=\"42\" class=\"elementor elementor-42\">\n\t\t\t\t<div class=\"elementor-element elementor-element-cb93e46 e-flex e-con-boxed e-con e-parent\" data-id=\"cb93e46\" data-element_type=\"container\" data-settings=\"{&quot;background_background&quot;:&quot;classic&quot;}\">\n\t\t\t\t\t<div class=\"e-con-inner\">\n\t\t<div class=\"elementor-element elementor-element-5f135ab e-con-full e-flex e-con e-child\" data-id=\"5f135ab\" data-element_type=\"container\">\n\t\t\t\t<div class=\"elementor-element elementor-element-2e39836 elementor-widget elementor-widget-heading\" data-id=\"2e39836\" data-element_type=\"widget\" data-widget_type=\"heading.default\">\n\t\t\t\t<div class=\"elementor-widget-container\">\n\t\t\t\t\t<h2 class=\"elementor-heading-title elementor-size-default\">Apie mus<\/h2>\t\t\t\t<\/div>\n\t\t\t\t<\/div>\n\t\t\t\t<\/div>\n\t\t<div class=\"elementor-element elementor-element-0db0093 e-con-full e-flex e-con e-child\" data-id=\"0db0093\" data-element_type=\"container\">\n\t\t\t\t<div class=\"elementor-element elementor-element-d7b5796 elementor-widget elementor-widget-text-editor\" data-id=\"d7b5796\" data-element_type=\"widget\" data-widget_type=\"text-editor.default\">\n\t\t\t\t<div class=\"elementor-widget-container\">\n\t\t\t\t\t\t\t\t\t<p>M\u016bs\u0173 tarptautin\u0117 darbuotoj\u0173 ir partneri\u0173 komanda su Lietuvos archyvais dirba nuo 2019 met\u0173.<\/p><p>Tur\u0117dami minimali\u0105 informacij\u0105 apie J\u016bs\u0173 \u0161eimos narius: prot\u0117vi\u0173 gimimo dat\u0105, gyvenam\u0105j\u0105 viet\u0105, santuok\u0105, darb\u0105, tarnyb\u0105 ar pan., mes galime kreiptis \u012f Lietuvos archyvus ir su\u017einoti daugiau apie J\u016bs\u0173 \u0161eim\u0105.<\/p><p>Ta\u010diau i\u0161\u0161\u016bkis \u010dia yra tas, kad archyvuose dalis dokument\u0173 yra lietuvi\u0173, rus\u0173, lenk\u0173 ar vokie\u010di\u0173 kalbomis. Tai gal\u0117t\u0173 b\u016bti sud\u0117tinga, jei nemok\u0117tume \u0161i\u0173 kalb\u0173. Ta\u010diau nesijaudinkite, m\u016bs\u0173 darbuotojai daugiakalbiai. Be to, esame partneriai su vertim\u0173 biuru, kuris gali pad\u0117ti \u0161iame procese. Lietuvoje yra daug archyv\u0173 ir mes \u017einome, kuriuose konkre\u010diai gali b\u016bti Jums nauding\u0173 dokument\u0173.<\/p><p>Su m\u016bs\u0173 atstov\u0173 komandos pagalba galima nar\u0161yti po archyvus ir gauti reikiamus dokumentus Lietuvos pilietybei atkurti.<\/p>\t\t\t\t\t\t\t\t<\/div>\n\t\t\t\t<\/div>\n\t\t\t\t<div class=\"elementor-element elementor-element-1f2d5c1 elementor-mobile-align-justify elementor-widget-mobile__width-inherit elementor-widget elementor-widget-button\" data-id=\"1f2d5c1\" data-element_type=\"widget\" data-widget_type=\"button.default\">\n\t\t\t\t<div class=\"elementor-widget-container\">\n\t\t\t\t\t\t\t\t\t<div class=\"elementor-button-wrapper\">\n\t\t\t\t\t<a class=\"elementor-button elementor-button-link elementor-size-md\" href=\"\/lt\/contact\/\">\n\t\t\t\t\t\t<span class=\"elementor-button-content-wrapper\">\n\t\t\t\t\t\t\t\t\t<span class=\"elementor-button-text\">Susisiekime<\/span>\n\t\t\t\t\t<\/span>\n\t\t\t\t\t<\/a>\n\t\t\t\t<\/div>\n\t\t\t\t\t\t\t\t<\/div>\n\t\t\t\t<\/div>\n\t\t\t\t<\/div>\n\t\t\t\t\t<\/div>\n\t\t\t\t<\/div>\n\t\t<div class=\"elementor-element elementor-element-7c29139 e-flex e-con-boxed e-con e-parent\" data-id=\"7c29139\" data-element_type=\"container\" data-settings=\"{&quot;background_background&quot;:&quot;classic&quot;}\">\n\t\t\t\t\t<div class=\"e-con-inner\">\n\t\t\t\t<div class=\"elementor-element elementor-element-bfb341a elementor-widget elementor-widget-heading\" data-id=\"bfb341a\" data-element_type=\"widget\" data-widget_type=\"heading.default\">\n\t\t\t\t<div class=\"elementor-widget-container\">\n\t\t\t\t\t<h2 class=\"elementor-heading-title elementor-size-default\">M\u016bs\u0173 principai<\/h2>\t\t\t\t<\/div>\n\t\t\t\t<\/div>\n\t\t<div class=\"elementor-element elementor-element-9efd5a1 e-flex e-con-boxed e-con e-child\" data-id=\"9efd5a1\" data-element_type=\"container\">\n\t\t\t\t\t<div class=\"e-con-inner\">\n\t\t<div class=\"elementor-element elementor-element-053f71d e-flex e-con-boxed e-con e-child\" data-id=\"053f71d\" data-element_type=\"container\" data-settings=\"{&quot;background_background&quot;:&quot;classic&quot;}\">\n\t\t\t\t\t<div class=\"e-con-inner\">\n\t\t\t\t<div class=\"elementor-element elementor-element-2423785 elementor-widget elementor-widget-heading\" data-id=\"2423785\" data-element_type=\"widget\" data-widget_type=\"heading.default\">\n\t\t\t\t<div class=\"elementor-widget-container\">\n\t\t\t\t\t<h4 class=\"elementor-heading-title elementor-size-default\">Orientacija \u012f  klient\u0105 ir darbo kokyb\u0119 <\/h4>\t\t\t\t<\/div>\n\t\t\t\t<\/div>\n\t\t\t\t<div class=\"elementor-element elementor-element-23bd5b0 elementor-widget elementor-widget-text-editor\" data-id=\"23bd5b0\" data-element_type=\"widget\" data-widget_type=\"text-editor.default\">\n\t\t\t\t<div class=\"elementor-widget-container\">\n\t\t\t\t\t\t\t\t\t<p>Mes teikiame pirmenyb\u0119 savo klient\u0173 poreikiams ir tikslams. Darbo kokyb\u0119 u\u017etikriname per m\u016bs\u0173 turim\u0105 profesionali\u0105 patirt\u012f bei nuolatin\u012f d\u0117mes\u012f J\u016bs\u0173 \u0161eimos dokument\u0173 paie\u0161kai.<\/p>\t\t\t\t\t\t\t\t<\/div>\n\t\t\t\t<\/div>\n\t\t\t\t\t<\/div>\n\t\t\t\t<\/div>\n\t\t<div class=\"elementor-element elementor-element-4f4cfdc e-flex e-con-boxed e-con e-child\" data-id=\"4f4cfdc\" data-element_type=\"container\" data-settings=\"{&quot;background_background&quot;:&quot;classic&quot;}\">\n\t\t\t\t\t<div class=\"e-con-inner\">\n\t\t\t\t<div class=\"elementor-element elementor-element-ee9a355 elementor-widget elementor-widget-heading\" data-id=\"ee9a355\" data-element_type=\"widget\" data-widget_type=\"heading.default\">\n\t\t\t\t<div class=\"elementor-widget-container\">\n\t\t\t\t\t<h4 class=\"elementor-heading-title elementor-size-default\">Patikima dokument\u0173 paie\u0161kos prie\u017ei\u016bra<\/h4>\t\t\t\t<\/div>\n\t\t\t\t<\/div>\n\t\t\t\t<div class=\"elementor-element elementor-element-7b5739b elementor-widget elementor-widget-text-editor\" data-id=\"7b5739b\" data-element_type=\"widget\" data-widget_type=\"text-editor.default\">\n\t\t\t\t<div class=\"elementor-widget-container\">\n\t\t\t\t\t\t\t\t\t<p>Nuolat konsultuojam\u0117s su \u012fvairi\u0173 archyv\u0173 darbuotojais, kaip optimizuoti konkre\u010di\u0173 \u0161eim\u0173 dokument\u0173 paie\u0161k\u0105. Stebime ir pri\u017ei\u016brime dokument\u0173 paie\u0161kos proces\u0105, kad \u0161is nei\u0161sitempt\u0173 laike.<\/p><p><span lang=\"LT\">\u00a0<\/span><\/p>\t\t\t\t\t\t\t\t<\/div>\n\t\t\t\t<\/div>\n\t\t\t\t\t<\/div>\n\t\t\t\t<\/div>\n\t\t<div class=\"elementor-element elementor-element-d822d48 e-flex e-con-boxed e-con e-child\" data-id=\"d822d48\" data-element_type=\"container\" data-settings=\"{&quot;background_background&quot;:&quot;classic&quot;}\">\n\t\t\t\t\t<div class=\"e-con-inner\">\n\t\t\t\t<div class=\"elementor-element elementor-element-48bec0e elementor-widget elementor-widget-heading\" data-id=\"48bec0e\" data-element_type=\"widget\" data-widget_type=\"heading.default\">\n\t\t\t\t<div class=\"elementor-widget-container\">\n\t\t\t\t\t<h4 class=\"elementor-heading-title elementor-size-default\">Stebinan\u010di\u0173 dokument\u0173 radimas<\/h4>\t\t\t\t<\/div>\n\t\t\t\t<\/div>\n\t\t\t\t<div class=\"elementor-element elementor-element-88ffe23 elementor-widget elementor-widget-text-editor\" data-id=\"88ffe23\" data-element_type=\"widget\" data-widget_type=\"text-editor.default\">\n\t\t\t\t<div class=\"elementor-widget-container\">\n\t\t\t\t\t\t\t\t\t<p>M\u016bs\u0173 archyv\u0173 ekspert\u0173 komanda pad\u0117s J\u016bs\u0173 \u0161eimai ie\u0161kant bet kokios informacijos apie J\u016bs\u0173 prosenelius, \u0161eimos narius. Neretai archyvuose randami dokumentai maloniai nustebina ne tik \u0161eim\u0105, bet ir daug ma\u010diusius m\u016bs\u0173 darbuotojus.<\/p><p><span lang=\"LT\">\u00a0<\/span><\/p>\t\t\t\t\t\t\t\t<\/div>\n\t\t\t\t<\/div>\n\t\t\t\t\t<\/div>\n\t\t\t\t<\/div>\n\t\t\t\t\t<\/div>\n\t\t\t\t<\/div>\n\t\t<div class=\"elementor-element elementor-element-4b007ee e-flex e-con-boxed e-con e-child\" data-id=\"4b007ee\" data-element_type=\"container\">\n\t\t\t\t\t<div class=\"e-con-inner\">\n\t\t\t\t<div class=\"elementor-element elementor-element-e14bb30 elementor-mobile-align-justify elementor-align-center elementor-widget__width-inherit elementor-widget elementor-widget-button\" data-id=\"e14bb30\" data-element_type=\"widget\" data-widget_type=\"button.default\">\n\t\t\t\t<div class=\"elementor-widget-container\">\n\t\t\t\t\t\t\t\t\t<div class=\"elementor-button-wrapper\">\n\t\t\t\t\t<a class=\"elementor-button elementor-button-link elementor-size-md\" href=\"\/lt\/contact\/\">\n\t\t\t\t\t\t<span class=\"elementor-button-content-wrapper\">\n\t\t\t\t\t\t\t\t\t<span class=\"elementor-button-text\">Susisiekime<\/span>\n\t\t\t\t\t<\/span>\n\t\t\t\t\t<\/a>\n\t\t\t\t<\/div>\n\t\t\t\t\t\t\t\t<\/div>\n\t\t\t\t<\/div>\n\t\t\t\t\t<\/div>\n\t\t\t\t<\/div>\n\t\t\t\t\t<\/div>\n\t\t\t\t<\/div>\n\t\t\t\t<\/div>","protected":false},"excerpt":{"rendered":"<p>Sombre n\u00f3s Nossa equipe internacional de funcion\u00e1rios e parceiros trabalha com arquivos lituanos desde 2019. Tendo informa\u00e7\u00f5es m\u00ednimas sobre seus familiares: data de nascimento de seus antepassados, local de resid\u00eancia, casamento, trabalho, servi\u00e7o, etc., podemos entrar em contato com os arquivos lituanos e saber mais sobre sua fam\u00edlia. No entanto, o desafio aqui \u00e9 que [&hellip;]<\/p>","protected":false},"author":2,"featured_media":0,"parent":0,"menu_order":0,"comment_status":"closed","ping_status":"closed","template":"","meta":{"footnotes":""},"class_list":["post-42","page","type-page","status-publish","hentry"],"blocksy_meta":{"has_hero_section":"disabled"},"_links":{"self":[{"href":"https:\/\/arquivosdalituania.eu\/lt\/wp-json\/wp\/v2\/pages\/42","targetHints":{"allow":["GET"]}}],"collection":[{"href":"https:\/\/arquivosdalituania.eu\/lt\/wp-json\/wp\/v2\/pages"}],"about":[{"href":"https:\/\/arquivosdalituania.eu\/lt\/wp-json\/wp\/v2\/types\/page"}],"author":[{"embeddable":true,"href":"https:\/\/arquivosdalituania.eu\/lt\/wp-json\/wp\/v2\/users\/2"}],"replies":[{"embeddable":true,"href":"https:\/\/arquivosdalituania.eu\/lt\/wp-json\/wp\/v2\/comments?post=42"}],"version-history":[{"count":109,"href":"https:\/\/arquivosdalituania.eu\/lt\/wp-json\/wp\/v2\/pages\/42\/revisions"}],"predecessor-version":[{"id":1391,"href":"https:\/\/arquivosdalituania.eu\/lt\/wp-json\/wp\/v2\/pages\/42\/revisions\/1391"}],"wp:attachment":[{"href":"https:\/\/arquivosdalituania.eu\/lt\/wp-json\/wp\/v2\/media?parent=42"}],"curies":[{"name":"wp","href":"https:\/\/api.w.org\/{rel}","templated":true}]}}