{"id":44,"date":"2023-07-03T06:45:45","date_gmt":"2023-07-03T06:45:45","guid":{"rendered":"https:\/\/arquivosdalituania.eu\/?page_id=44"},"modified":"2023-10-21T10:05:02","modified_gmt":"2023-10-21T10:05:02","slug":"contact","status":"publish","type":"page","link":"https:\/\/arquivosdalituania.eu\/lt\/contact\/","title":{"rendered":"Kontaktai"},"content":{"rendered":"<div data-elementor-type=\"wp-page\" data-elementor-id=\"44\" class=\"elementor elementor-44\">\n\t\t\t\t<div class=\"elementor-element elementor-element-c19c4a1 e-flex e-con-boxed e-con e-parent\" data-id=\"c19c4a1\" data-element_type=\"container\" data-settings=\"{&quot;background_background&quot;:&quot;classic&quot;}\">\n\t\t\t\t\t<div class=\"e-con-inner\">\n\t\t<div class=\"elementor-element elementor-element-6f9f0d21 e-con-full e-flex e-con e-child\" data-id=\"6f9f0d21\" data-element_type=\"container\">\n\t\t\t\t<div class=\"elementor-element elementor-element-48b6cca9 elementor-widget elementor-widget-heading\" data-id=\"48b6cca9\" data-element_type=\"widget\" data-widget_type=\"heading.default\">\n\t\t\t\t<div class=\"elementor-widget-container\">\n\t\t\t\t\t<h5 class=\"elementor-heading-title elementor-size-default\">+370 611 14274<\/h5>\t\t\t\t<\/div>\n\t\t\t\t<\/div>\n\t\t\t\t<div class=\"elementor-element elementor-element-4f9838d2 elementor-widget elementor-widget-image\" data-id=\"4f9838d2\" data-element_type=\"widget\" data-widget_type=\"image.default\">\n\t\t\t\t<div class=\"elementor-widget-container\">\n\t\t\t\t\t\t\t\t\t\t\t\t\t\t\t<img decoding=\"async\" width=\"96\" height=\"96\" src=\"https:\/\/arquivosdalituania.eu\/wp-content\/uploads\/2023\/07\/phone-96.png\" class=\"attachment-thumbnail size-thumbnail wp-image-1281\" alt=\"\" srcset=\"https:\/\/arquivosdalituania.eu\/wp-content\/uploads\/2023\/07\/phone-96.png 96w, https:\/\/arquivosdalituania.eu\/wp-content\/uploads\/2023\/07\/phone-96-12x12.png 12w\" sizes=\"(max-width: 96px) 100vw, 96px\" \/>\t\t\t\t\t\t\t\t\t\t\t\t\t\t\t<\/div>\n\t\t\t\t<\/div>\n\t\t\t\t<\/div>\n\t\t<div class=\"elementor-element elementor-element-2acef0ee e-con-full e-flex e-con e-child\" data-id=\"2acef0ee\" data-element_type=\"container\">\n\t\t\t\t<div class=\"elementor-element elementor-element-cf9ebc1 elementor-widget elementor-widget-heading\" data-id=\"cf9ebc1\" data-element_type=\"widget\" data-widget_type=\"heading.default\">\n\t\t\t\t<div class=\"elementor-widget-container\">\n\t\t\t\t\t<h5 class=\"elementor-heading-title elementor-size-default\"><a href=\"mailto:info@lithuanianarchives.local\">info@arquivosdalituania.eu<\/a><\/h5>\t\t\t\t<\/div>\n\t\t\t\t<\/div>\n\t\t\t\t<div class=\"elementor-element elementor-element-522abbe6 elementor-widget elementor-widget-image\" data-id=\"522abbe6\" data-element_type=\"widget\" data-widget_type=\"image.default\">\n\t\t\t\t<div class=\"elementor-widget-container\">\n\t\t\t\t\t\t\t\t\t\t\t\t\t\t\t\t<a href=\"mailto:hello@lithuanianarchives.local\">\n\t\t\t\t\t\t\t<img decoding=\"async\" width=\"96\" height=\"96\" src=\"https:\/\/arquivosdalituania.eu\/wp-content\/uploads\/2023\/07\/email-96.png\" class=\"attachment-thumbnail size-thumbnail wp-image-34\" alt=\"\" \/>\t\t\t\t\t\t\t\t<\/a>\n\t\t\t\t\t\t\t\t\t\t\t\t\t\t\t<\/div>\n\t\t\t\t<\/div>\n\t\t\t\t<\/div>\n\t\t\t\t\t<\/div>\n\t\t\t\t<\/div>\n\t\t<div class=\"elementor-element elementor-element-37e3b171 e-flex e-con-boxed e-con e-parent\" data-id=\"37e3b171\" data-element_type=\"container\" data-settings=\"{&quot;background_background&quot;:&quot;classic&quot;}\">\n\t\t\t\t\t<div class=\"e-con-inner\">\n\t\t<div class=\"elementor-element elementor-element-2615a9dd e-con-full e-flex elementor-invisible e-con e-child\" data-id=\"2615a9dd\" data-element_type=\"container\" data-settings=\"{&quot;animation&quot;:&quot;fadeInUp&quot;}\">\n\t\t\t\t<div class=\"elementor-element elementor-element-488e9fc elementor-widget elementor-widget-image\" data-id=\"488e9fc\" data-element_type=\"widget\" data-widget_type=\"image.default\">\n\t\t\t\t<div class=\"elementor-widget-container\">\n\t\t\t\t\t\t\t\t\t\t\t\t\t\t\t<img fetchpriority=\"high\" decoding=\"async\" width=\"785\" height=\"873\" src=\"https:\/\/arquivosdalituania.eu\/wp-content\/uploads\/2023\/08\/5-Gimimo-metrika-1.jpg\" class=\"attachment-large size-large wp-image-1123\" alt=\"\" srcset=\"https:\/\/arquivosdalituania.eu\/wp-content\/uploads\/2023\/08\/5-Gimimo-metrika-1.jpg 785w, https:\/\/arquivosdalituania.eu\/wp-content\/uploads\/2023\/08\/5-Gimimo-metrika-1-270x300.jpg 270w, https:\/\/arquivosdalituania.eu\/wp-content\/uploads\/2023\/08\/5-Gimimo-metrika-1-768x854.jpg 768w\" sizes=\"(max-width: 785px) 100vw, 785px\" \/>\t\t\t\t\t\t\t\t\t\t\t\t\t\t\t<\/div>\n\t\t\t\t<\/div>\n\t\t\t\t<\/div>\n\t\t<div class=\"elementor-element elementor-element-8f0afff e-con-full e-flex e-con e-child\" data-id=\"8f0afff\" data-element_type=\"container\" data-settings=\"{&quot;animation&quot;:&quot;none&quot;}\">\n\t\t\t\t<div class=\"elementor-element elementor-element-2aaa48a8 elementor-invisible elementor-widget elementor-widget-heading\" data-id=\"2aaa48a8\" data-element_type=\"widget\" data-settings=\"{&quot;_animation&quot;:&quot;fadeInUp&quot;}\" data-widget_type=\"heading.default\">\n\t\t\t\t<div class=\"elementor-widget-container\">\n\t\t\t\t\t<h2 class=\"elementor-heading-title elementor-size-default\">Susisiekime<\/h2>\t\t\t\t<\/div>\n\t\t\t\t<\/div>\n\t\t\t\t<div class=\"elementor-element elementor-element-7cf63133 elementor-widget__width-initial elementor-invisible elementor-widget elementor-widget-shortcode\" data-id=\"7cf63133\" data-element_type=\"widget\" data-settings=\"{&quot;_animation&quot;:&quot;fadeInUp&quot;}\" data-widget_type=\"shortcode.default\">\n\t\t\t\t<div class=\"elementor-widget-container\">\n\t\t\t\t\t\t\t<div class=\"elementor-shortcode\"><style id=\"wpforms-css-vars-164\">\n\t\t\t\t#wpforms-164 {\n\t\t\t\t\n\t\t\t}\n\t\t\t<\/style>\r\n<style type=\"text\/css\">\r\n\r\n\r\n\r\nbody #wpforms-164 {\r\n\t\t\r\n\t\t\t}\r\n\r\n\t\r\n\r\n\r\n\r\n\r\n\tbody #wpforms-164 .wpforms-submit-container .wpforms-submit, body #wpforms-164 .wpforms-field-pagebreak button.wpforms-page-button {\r\n\t\ttext-align:left ;background-color:#0a0a0a ;width:120px ;margin:-10px 0 0 0 ;\t\tborder-width: 0px;\t}\r\n\r\n\tbody #wpforms-164 .wpforms-submit-container .wpforms-submit:hover, body #wpforms-164 .wpforms-field-pagebreak button.wpforms-page-button:hover {\r\n\tbackground-color:#5a8546;\t\t}\r\n\r\n\tbody #wpforms-164 .wpforms-submit-container,\r\n\tbody #wpforms-164 .wpforms-field-pagebreak .wpforms-pagebreak-left{\r\n\ttext-align:left;\t}\r\n\r\n\r\n\tbody #wpforms-164 .wpforms-form .wpforms-field input[type=text],\r\n\tbody #wpforms-164 .wpforms-form .wpforms-field input[type=email],\r\n\tbody #wpforms-164 .wpforms-form .wpforms-field input[type=tel],\r\n\tbody #wpforms-164 .wpforms-form .wpforms-field input[type=url],\r\n\tbody #wpforms-164 .wpforms-form .wpforms-field input[type=password],\r\n\tbody #wpforms-164 .wpforms-form .wpforms-field input[type=number]\r\n\t{\r\n\t\tfont-style: italic;\t\tborder-width: 1px;\t}\r\n\r\n\tbody #wpforms-164 .wpforms-form .wpforms-field .wpforms-field-row\r\n\t{\r\n\t\t\t}\r\n\r\n\tbody #wpforms-164 .wpforms-form .wpforms-field-layout.wpforms-field input[type=text],\r\n\tbody #wpforms-164 .wpforms-form .wpforms-field-layout.wpforms-field input[type=email],\r\n\tbody #wpforms-164 .wpforms-form .wpforms-field-layout.wpforms-field input[type=tel],\r\n\tbody #wpforms-164 .wpforms-form .wpforms-field-layout.wpforms-field input[type=url],\r\n\tbody #wpforms-164 .wpforms-form .wpforms-field-layout.wpforms-field input[type=password],\r\n\tbody #wpforms-164 .wpforms-form .wpforms-field-layout.wpforms-field input[type=number]{\r\n\t\twidth: 100%;\r\n\t}\r\n\r\n\tbody #wpforms-164 .wpforms-form .wpforms-field .wpforms-field-row input[type=text]{\r\n\t\twidth: 100%;\r\n\t}\r\n\r\n\r\n\r\n\r\n\r\n\tbody #wpforms-164 .wpforms-form .wpforms-field textarea {\r\n\t\tfont-style: italic;\t\t\tborder-width: 1px;\t}\r\n\r\n\r\n\r\n \r\n\tbody #wpforms-164 .wpforms-form .wpforms-field label.wpforms-field-label,\r\n\tbody #wpforms-164 .wpforms-form .wpforms-field .wpforms-field-label {\r\n\t\tfont-weight: bold;color:#000000 ;line-height:0px ;\t}\r\n\r\n\r\n\/* Styling for Tablets *\/\r\n@media only screen and (max-width: 800px) and (min-width:481px) {\r\n\t\r\n\r\n\r\n\r\n}\r\n\r\n@media only screen and (max-width: 480px){\r\n\t\r\n\r\n\r\n\tbody #wpforms-164 .wpforms-submit-container .wpforms-submit, body #wpforms-164 .wpforms-field-pagebreak button.wpforms-page-button {\r\n\t\twidth:100% ;\t\t}\r\n\r\n}\r\n\/*Option to add custom CSS *\/\r\n\r\n\r\n\r\n\t\t<\/style>\r\n\t\t<div class=\"wpforms-container wpforms-container-full wpforms-render-modern\" id=\"wpforms-164\"><form id=\"wpforms-form-164\" class=\"wpforms-validate wpforms-form wpforms-ajax-form\" data-formid=\"164\" method=\"post\" enctype=\"multipart\/form-data\" action=\"\/lt\/wp-json\/wp\/v2\/pages\/44\" data-token=\"cd81b6810286603d08378e0a6bb03875\" data-token-time=\"1775989802\" data-trp-original-action=\"\/lt\/wp-json\/wp\/v2\/pages\/44\"><noscript class=\"wpforms-error-noscript\">Please enable JavaScript in your browser to complete this form.<\/noscript><div id=\"wpforms-error-noscript\" style=\"display: none;\">Please enable JavaScript in your browser to complete this form.<\/div><div class=\"wpforms-field-container\"><div id=\"wpforms-164-field_1-container\" class=\"wpforms-field wpforms-field-text\" data-field-id=\"1\"><label class=\"wpforms-field-label\" for=\"wpforms-164-field_1\">Vardas <span class=\"wpforms-required-label\" aria-hidden=\"true\">*<\/span><\/label><input type=\"text\" id=\"wpforms-164-field_1\" class=\"wpforms-field-large wpforms-field-required\" name=\"wpforms[fields][1]\" placeholder=\"J\u016bs\u0173 vardas\" aria-errormessage=\"wpforms-164-field_1-error\" required><\/div><div id=\"wpforms-164-field_2-container\" class=\"wpforms-field wpforms-field-text\" data-field-id=\"2\"><label class=\"wpforms-field-label\" for=\"wpforms-164-field_2\">El.pa\u0161tas <span class=\"wpforms-required-label\" aria-hidden=\"true\">*<\/span><\/label><input type=\"text\" id=\"wpforms-164-field_2\" class=\"wpforms-field-large wpforms-field-required\" name=\"wpforms[fields][2]\" placeholder=\"J\u016bs\u0173 el.pa\u0161to adresas\" aria-errormessage=\"wpforms-164-field_2-error\" required><\/div><div id=\"wpforms-164-field_3-container\" class=\"wpforms-field wpforms-field-textarea\" data-field-id=\"3\"><label class=\"wpforms-field-label\" for=\"wpforms-164-field_3\">\u017dinut\u0117 <span class=\"wpforms-required-label\" aria-hidden=\"true\">*<\/span><\/label><textarea id=\"wpforms-164-field_3\" class=\"wpforms-field-medium wpforms-field-required\" name=\"wpforms[fields][3]\" placeholder=\"Para\u0161ykite \u017einut\u0119\" aria-errormessage=\"wpforms-164-field_3-error\" required><\/textarea><\/div><\/div><!-- .wpforms-field-container --><div class=\"wpforms-submit-container\" ><input type=\"hidden\" name=\"wpforms[id]\" value=\"164\"><input type=\"hidden\" name=\"page_title\" value=\"\"><input type=\"hidden\" name=\"page_url\" value=\"https:\/\/arquivosdalituania.eu\/lt\/wp-json\/wp\/v2\/pages\/44\"><input type=\"hidden\" name=\"url_referer\" value=\"\"><button type=\"submit\" name=\"wpforms[submit]\" id=\"wpforms-submit-164\" class=\"wpforms-submit\" data-alt-text=\"enviando...\" data-submit-text=\"Enviar\" aria-live=\"assertive\" value=\"wpforms-submit\">Si\u0173sti<\/button><img loading=\"lazy\" decoding=\"async\" src=\"https:\/\/arquivosdalituania.eu\/wp-content\/plugins\/wpforms-lite\/assets\/images\/submit-spin.svg\" class=\"wpforms-submit-spinner\" style=\"display: none;\" width=\"26\" height=\"26\" alt=\"Loading\"><\/div><input type=\"hidden\" name=\"trp-form-language\" value=\"lt\"\/><\/form><\/div>  <!-- .wpforms-container --><\/div>\n\t\t\t\t\t\t<\/div>\n\t\t\t\t<\/div>\n\t\t\t\t<\/div>\n\t\t\t\t\t<\/div>\n\t\t\t\t<\/div>\n\t\t\t\t<\/div>","protected":false},"excerpt":{"rendered":"<p>+370 611 14274 info@arquivosdalituania.eu Entre em contato<\/p>","protected":false},"author":2,"featured_media":0,"parent":0,"menu_order":0,"comment_status":"closed","ping_status":"closed","template":"","meta":{"footnotes":""},"class_list":["post-44","page","type-page","status-publish","hentry"],"blocksy_meta":{"has_hero_section":"disabled"},"_links":{"self":[{"href":"https:\/\/arquivosdalituania.eu\/lt\/wp-json\/wp\/v2\/pages\/44","targetHints":{"allow":["GET"]}}],"collection":[{"href":"https:\/\/arquivosdalituania.eu\/lt\/wp-json\/wp\/v2\/pages"}],"about":[{"href":"https:\/\/arquivosdalituania.eu\/lt\/wp-json\/wp\/v2\/types\/page"}],"author":[{"embeddable":true,"href":"https:\/\/arquivosdalituania.eu\/lt\/wp-json\/wp\/v2\/users\/2"}],"replies":[{"embeddable":true,"href":"https:\/\/arquivosdalituania.eu\/lt\/wp-json\/wp\/v2\/comments?post=44"}],"version-history":[{"count":118,"href":"https:\/\/arquivosdalituania.eu\/lt\/wp-json\/wp\/v2\/pages\/44\/revisions"}],"predecessor-version":[{"id":1339,"href":"https:\/\/arquivosdalituania.eu\/lt\/wp-json\/wp\/v2\/pages\/44\/revisions\/1339"}],"wp:attachment":[{"href":"https:\/\/arquivosdalituania.eu\/lt\/wp-json\/wp\/v2\/media?parent=44"}],"curies":[{"name":"wp","href":"https:\/\/api.w.org\/{rel}","templated":true}]}}